{"id":606,"date":"2025-04-11T12:48:17","date_gmt":"2025-04-11T12:48:17","guid":{"rendered":"https:\/\/doyourthing.serverweb-prod.com\/politique-de-confidentialite\/"},"modified":"2026-02-24T14:05:52","modified_gmt":"2026-02-24T14:05:52","slug":"politique-de-confidentialite","status":"publish","type":"page","link":"https:\/\/www.do-your-thing.com\/en\/politique-de-confidentialite\/","title":{"rendered":"Politique de confidentialit\u00e9"},"content":{"rendered":"<p>[et_pb_section fb_built=&#8221;1&#8243; _builder_version=&#8221;4.24.0&#8243; _module_preset=&#8221;default&#8221; background_color=&#8221;#3a3a3a&#8221; background_image=&#8221;https:\/\/do-your-thing.com\/wp-content\/uploads\/2025\/04\/Aucun-inconvenient-que-des-as-bg.png&#8221; global_colors_info=&#8221;{}&#8221;][et_pb_row _builder_version=&#8221;4.24.0&#8243; _module_preset=&#8221;default&#8221; custom_padding=&#8221;0px||0px|||&#8221; global_colors_info=&#8221;{}&#8221;][et_pb_column type=&#8221;4_4&#8243; _builder_version=&#8221;4.24.0&#8243; _module_preset=&#8221;default&#8221; global_colors_info=&#8221;{}&#8221;][et_pb_text _builder_version=&#8221;4.24.0&#8243; _module_preset=&#8221;default&#8221; text_font=&#8221;DM Sans|700||on|||||&#8221; text_text_color=&#8221;#FFFFFF&#8221; text_font_size=&#8221;50px&#8221; text_orientation=&#8221;center&#8221; hover_enabled=&#8221;0&#8243; text_font_size_tablet=&#8221;50px&#8221; text_font_size_phone=&#8221;37px&#8221; text_font_size_last_edited=&#8221;on|phone&#8221; text_line_height_tablet=&#8221;1.3em&#8221; text_line_height_phone=&#8221;1.3em&#8221; text_line_height_last_edited=&#8221;on|phone&#8221; global_colors_info=&#8221;{}&#8221; sticky_enabled=&#8221;0&#8243;]Privacy Policy<br \/>\n[\/et_pb_text][\/et_pb_column][\/et_pb_row][\/et_pb_section][et_pb_section fb_built=&#8221;1&#8243; _builder_version=&#8221;4.24.0&#8243; _module_preset=&#8221;default&#8221; background_color=&#8221;#0a0a0a&#8221; custom_padding=&#8221;0px||0px|||&#8221; global_colors_info=&#8221;{}&#8221;][et_pb_row _builder_version=&#8221;4.24.0&#8243; _module_preset=&#8221;default&#8221; width=&#8221;100%&#8221; max_width=&#8221;2560px&#8221; custom_padding=&#8221;28px||14px||false|&#8221; global_colors_info=&#8221;{}&#8221;][et_pb_column type=&#8221;4_4&#8243; _builder_version=&#8221;4.24.0&#8243; _module_preset=&#8221;default&#8221; global_colors_info=&#8221;{}&#8221;][et_pb_text module_class=&#8221;clsband&#8221; _builder_version=&#8221;4.24.0&#8243; _module_preset=&#8221;default&#8221; text_font=&#8221;Inter|300|||||||&#8221; text_text_color=&#8221;#FFFFFF&#8221; text_font_size=&#8221;18px&#8221; text_letter_spacing=&#8221;4px&#8221; custom_margin=&#8221;||12px||false|false&#8221; custom_padding=&#8221;||0px||false|false&#8221; global_colors_info=&#8221;{}&#8221;]<\/p>\n<p>DO YOUR THING &#8211; DO YOUR THING &#8211; DO YOUR THING &#8211; DO YOUR THING &#8211; DO YOUR THING &#8211; DO YOUR THING &#8211; DO YOUR THING &#8211; DO YOUR THING &#8211; DO YO<\/p>\n<p>[\/et_pb_text][\/et_pb_column][\/et_pb_row][\/et_pb_section][et_pb_section fb_built=&#8221;1&#8243; _builder_version=&#8221;4.24.0&#8243; _module_preset=&#8221;default&#8221; background_color=&#8221;#f5efe6&#8243; global_colors_info=&#8221;{}&#8221;][et_pb_row custom_padding_last_edited=&#8221;on|phone&#8221; _builder_version=&#8221;4.24.0&#8243; _module_preset=&#8221;default&#8221; width_tablet=&#8221;90%&#8221; width_phone=&#8221;90%&#8221; width_last_edited=&#8221;on|tablet&#8221; custom_padding_tablet=&#8221;&#8221; custom_padding_phone=&#8221;0px||0px||false|false&#8221; global_colors_info=&#8221;{}&#8221;][et_pb_column type=&#8221;4_4&#8243; _builder_version=&#8221;4.24.0&#8243; _module_preset=&#8221;default&#8221; global_colors_info=&#8221;{}&#8221;][et_pb_text content_tablet=&#8221;<\/p>\n<h2>Cookies<\/h2>\n<p>Nous utilisons des cookies pour vous garantir la meilleure exp\u00e9rience sur notre site. Si vous continuez \u00e0 utiliser ce dernier, nous consid\u00e9rerons que vous acceptez l\u2019utilisation des cookies. Google Analytics : Ces cookies r\u00e9coltent des informations anonymes sur la mani\u00e8re dont vous utilisez notre site Internet en tant que visiteur. L\u2019objectif est d\u2019am\u00e9liorer notre site Internet et de mieux l\u2019adapter aux besoins des visiteurs. Nous ne recueillons pas de donn\u00e9es \u00e0 caract\u00e8re personnel. Dur\u00e9e de conservation des informations : 38 mois.<\/p>\n<h2>Objectifs du traitement des donn\u00e9es personnelles<\/h2>\n<p>Notre soci\u00e9t\u00e9 est soucieuse du respect de votre vie priv\u00e9e lors de vos visites sur notre site web et nous avons conscience de l\u2019importance que vous y attachez. Nous mettons d\u00e8s lors tout en \u0153uvre afin de respecter votre vie priv\u00e9e dans le cadre de votre utilisation de ce site. Nous ne recueillons que les donn\u00e9es personnelles (comme le pr\u00e9nom, nom, adresse, e-mail et num\u00e9ro de t\u00e9l\u00e9phone) que vous nous transmettez personnellement. Elles sont utilis\u00e9es pour vous fournir le service ou les informations demand\u00e9s.<\/p>\n<h2>Personnes ayant acc\u00e8s aux donn\u00e9es personnelles collect\u00e9es<\/h2>\n<p>Ces donn\u00e9es \u00e0 caract\u00e8re personnel que vous nous communiquez par l\u2019interm\u00e9diaire de ces formulaires sont conserv\u00e9es dans nos fichiers. Vos donn\u00e9es personnelles ne seront ni vendues ni transmises \u00e0 des tiers. Nous nous r\u00e9servons toutefois le droit d\u2019utiliser vos donn\u00e9es personnelles ou de les rendre publiques, si la loi l\u2019exige, si la sauvegarde de l\u2019int\u00e9grit\u00e9 du site web le n\u00e9cessite, pour acc\u00e9der \u00e0 votre demande, ou pour collaborer \u00e0 une proc\u00e9dure judiciaire ou affaire int\u00e9ressante d\u2019ordre public.<\/p>\n<h2>Droit d\u2019acc\u00e8s et droit de portabilit\u00e9<\/h2>\n<p>\u00c0 tout moment vous pouvez demander acc\u00e8s \u00e0 vos donn\u00e9es \u00e0 caract\u00e8re personnel, vous avez \u00e9galement le droit de rectification, modification ou effacement de vos donn\u00e9es. Une copie de vos donn\u00e9es peut \u00e9galement vous \u00eatre fournie.<\/p>\n<h2>Plainte<\/h2>\n<p>Vous avez le droit d\u2019introduire une r\u00e9clamation aupr\u00e8s de l\u2019autorit\u00e9 de protection des donn\u00e9es : <a class=%22lien%22 href=%22https:\/\/www.autoriteprotectiondonnees.be\/%22 data-et-target-link=%22_blank%22 rel=%22noopener noreferrer%22>https:\/\/www.autoriteprotectiondonnees.be\/<\/a>&#8221; content_phone=&#8221;<\/p>\n<h2>Cookies<\/h2>\n<p>Nous utilisons des cookies pour vous garantir la meilleure exp\u00e9rience sur notre site. Si vous continuez \u00e0 utiliser ce dernier, nous consid\u00e9rerons que vous acceptez l\u2019utilisation des cookies. Google Analytics : Ces cookies r\u00e9coltent des informations anonymes sur la mani\u00e8re dont vous utilisez notre site Internet en tant que visiteur. L\u2019objectif est d\u2019am\u00e9liorer notre site Internet et de mieux l\u2019adapter aux besoins des visiteurs. Nous ne recueillons pas de donn\u00e9es \u00e0 caract\u00e8re personnel. Dur\u00e9e de conservation des informations : 38 mois.<\/p>\n<h2>Objectifs du traitement des donn\u00e9es personnelles<\/h2>\n<p>Notre soci\u00e9t\u00e9 est soucieuse du respect de votre vie priv\u00e9e lors de vos visites sur notre site web et nous avons conscience de l\u2019importance que vous y attachez. Nous mettons d\u00e8s lors tout en \u0153uvre afin de respecter votre vie priv\u00e9e dans le cadre de votre utilisation de ce site. Nous ne recueillons que les donn\u00e9es personnelles (comme le pr\u00e9nom, nom, adresse, e-mail et num\u00e9ro de t\u00e9l\u00e9phone) que vous nous transmettez personnellement. Elles sont utilis\u00e9es pour vous fournir le service ou les informations demand\u00e9s.<\/p>\n<h2>Personnes ayant acc\u00e8s aux donn\u00e9es personnelles collect\u00e9es<\/h2>\n<p>Ces donn\u00e9es \u00e0 caract\u00e8re personnel que vous nous communiquez par l\u2019interm\u00e9diaire de ces formulaires sont conserv\u00e9es dans nos fichiers. Vos donn\u00e9es personnelles ne seront ni vendues ni transmises \u00e0 des tiers. Nous nous r\u00e9servons toutefois le droit d\u2019utiliser vos donn\u00e9es personnelles ou de les rendre publiques, si la loi l\u2019exige, si la sauvegarde de l\u2019int\u00e9grit\u00e9 du site web le n\u00e9cessite, pour acc\u00e9der \u00e0 votre demande, ou pour collaborer \u00e0 une proc\u00e9dure judiciaire ou affaire int\u00e9ressante d\u2019ordre public.<\/p>\n<h2>Droit d\u2019acc\u00e8s et droit de portabilit\u00e9<\/h2>\n<p>\u00c0 tout moment vous pouvez demander acc\u00e8s \u00e0 vos donn\u00e9es \u00e0 caract\u00e8re personnel, vous avez \u00e9galement le droit de rectification, modification ou effacement de vos donn\u00e9es. Une copie de vos donn\u00e9es peut \u00e9galement vous \u00eatre fournie.<\/p>\n<h2>Plainte<\/h2>\n<p>Vous avez le droit d\u2019introduire une r\u00e9clamation aupr\u00e8s de l\u2019autorit\u00e9 de protection des donn\u00e9es : <a class=%22lien%22 href=%22https:\/\/www.autoriteprotectiondonnees.be\/%22 data-et-target-link=%22_blank%22 rel=%22noopener noreferrer%22>https:\/\/www.autoriteprotectiondonnees.be\/<\/a>&#8221; content_last_edited=&#8221;on|phone&#8221; _builder_version=&#8221;4.24.0&#8243; _module_preset=&#8221;default&#8221; text_font=&#8221;Inter|300|||||||&#8221; text_text_color=&#8221;#444444&#8243; text_font_size=&#8221;16px&#8221; text_line_height=&#8221;1.8em&#8221; link_text_color=&#8221;#444444&#8243; header_2_font=&#8221;DM Sans|700||on|||||&#8221; header_2_text_color=&#8221;#111111&#8243; header_2_font_size=&#8221;51px&#8221; header_2_line_height=&#8221;1.1em&#8221; custom_margin=&#8221;||16px|||&#8221; hover_enabled=&#8221;0&#8243; global_colors_info=&#8221;{}&#8221; sticky_enabled=&#8221;0&#8243;]<\/p>\n<h2>Cookies<\/h2>\n<p>We use cookies to ensure you get the best experience on our website. If you continue to use this site, we will consider that you accept the use of cookies.<\/p>\n<p>Google Analytics: These cookies collect anonymous information about how you use our website as a visitor. The goal is to improve our website and better adapt it to visitors\u2019 needs. We do not collect any personal data.<\/p>\n<p>Data retention period: 38 months.<\/p>\n<h2>Purposes of personal data processing<\/h2>\n<p>Our company is committed to respecting your privacy during your visits to our website, and we are aware of the importance you place on it. We therefore make every effort to respect your privacy when you use this site.<br \/>We only collect personal data (such as first name, last name, address, email address, and phone number) that you voluntarily provide to us. This data is used solely to provide you with the requested service or information.<\/p>\n<h2>Persons having access to the collected personal data<\/h2>\n<p>The personal data you provide to us through these forms is stored in our files. Your personal data will neither be sold nor shared with third parties.<br \/>However, we reserve the right to use your personal data or make it public if required by law, if necessary to protect the integrity of the website, to respond to your request, or to cooperate with legal proceedings or matters of public interest.<\/p>\n<h2>Right of access and right to data portability<\/h2>\n<p>At any time, you may request access to your personal data. You also have the right to correct, modify, or delete your data. A copy of your data may also be provided to you.<\/p>\n<h2>Complaint<\/h2>\n<p>You have the right to file a complaint with the Data Protection Authority:<br \/><a class=\"lien\" href=\"https:\/\/www.autoriteprotectiondonnees.be\/\" target=\"_blank\" rel=\"noopener noreferrer\"><br \/>https:\/\/www.autoriteprotectiondonnees.be\/<br \/><\/a><\/p>\n<p>[\/et_pb_text][\/et_pb_column][\/et_pb_row][\/et_pb_section][et_pb_section fb_built=&#8221;1&#8243; _builder_version=&#8221;4.24.0&#8243; _module_preset=&#8221;default&#8221; background_color=&#8221;#0a0a0a&#8221; custom_padding=&#8221;0px||0px|||&#8221; global_colors_info=&#8221;{}&#8221;][et_pb_row _builder_version=&#8221;4.24.0&#8243; _module_preset=&#8221;default&#8221; width=&#8221;100%&#8221; max_width=&#8221;2560px&#8221; custom_padding=&#8221;28px||14px||false|&#8221; global_colors_info=&#8221;{}&#8221;][et_pb_column type=&#8221;4_4&#8243; _builder_version=&#8221;4.24.0&#8243; _module_preset=&#8221;default&#8221; global_colors_info=&#8221;{}&#8221;][et_pb_text module_class=&#8221;clsband&#8221; _builder_version=&#8221;4.24.0&#8243; _module_preset=&#8221;default&#8221; text_font=&#8221;Inter|300|||||||&#8221; text_text_color=&#8221;#FFFFFF&#8221; text_font_size=&#8221;18px&#8221; text_letter_spacing=&#8221;4px&#8221; custom_margin=&#8221;||12px||false|false&#8221; custom_padding=&#8221;||0px||false|false&#8221; global_colors_info=&#8221;{}&#8221;]<\/p>\n<p>DO YOUR THING &#8211; DO YOUR THING &#8211; DO YOUR THING &#8211; DO YOUR THING &#8211; DO YOUR THING &#8211; DO YOUR THING &#8211; DO YOUR THING &#8211; DO YOUR THING &#8211; DO YO<\/p>\n<p>[\/et_pb_text][\/et_pb_column][\/et_pb_row][\/et_pb_section][et_pb_section fb_built=&#8221;1&#8243; disabled_on=&#8221;on|on|on&#8221; _builder_version=&#8221;4.24.0&#8243; _module_preset=&#8221;default&#8221; disabled=&#8221;on&#8221; global_colors_info=&#8221;{}&#8221;][et_pb_row _builder_version=&#8221;4.24.0&#8243; _module_preset=&#8221;default&#8221; global_colors_info=&#8221;{}&#8221;][et_pb_column type=&#8221;4_4&#8243; _builder_version=&#8221;4.24.0&#8243; _module_preset=&#8221;default&#8221; global_colors_info=&#8221;{}&#8221;][et_pb_text _builder_version=&#8221;4.24.0&#8243; _module_preset=&#8221;default&#8221; global_colors_info=&#8221;{}&#8221;]N\u2019attends plus pour contacter Do Your Thing, la plateforme num\u00e9rique qui am\u00e9liore ta visibilit\u00e9 en ligne. Nos professionnels te proposent, pour seulement 5,99\u20ac par mois, de b\u00e9n\u00e9ficier d\u2019une vitrine en ligne ainsi que d\u2019une carte de visite num\u00e9rique. Une solution parfaite pour optimiser ta pr\u00e9sence en ligne et am\u00e9liorer ton chiffre d\u2019affaires. [\/et_pb_text][\/et_pb_column][\/et_pb_row][\/et_pb_section]<\/p>\n","protected":false},"excerpt":{"rendered":"<p>Privacy Policy DO YOUR THING &#8211; DO YOUR THING &#8211; DO YOUR THING &#8211; DO YOUR THING &#8211; DO YOUR THING &#8211; DO YOUR THING &#8211; DO YOUR THING &#8211; DO YOUR THING &#8211; DO YOCookies We use cookies to ensure you get the best experience on our website. If you continue to use this [&hellip;]<\/p>\n","protected":false},"author":1,"featured_media":0,"parent":0,"menu_order":0,"comment_status":"closed","ping_status":"closed","template":"","meta":{"_et_pb_use_builder":"on","_et_pb_old_content":"<!-- wp:divi\/placeholder \/-->","_et_gb_content_width":"","footnotes":""},"class_list":["post-606","page","type-page","status-publish","hentry"],"yoast_head":"<!-- This site is optimized with the Yoast SEO plugin v27.3 - https:\/\/yoast.com\/product\/yoast-seo-wordpress\/ -->\n<title>Politique de confidentialit\u00e9 - DO YOUR THING<\/title>\n<meta name=\"robots\" content=\"noindex, nofollow\" \/>\n<meta property=\"og:locale\" content=\"en_US\" \/>\n<meta property=\"og:type\" content=\"article\" \/>\n<meta property=\"og:title\" content=\"Politique de confidentialit\u00e9 - DO YOUR THING\" \/>\n<meta property=\"og:description\" content=\"Privacy Policy DO YOUR THING - DO YOUR THING - DO YOUR THING - DO YOUR THING - DO YOUR THING - DO YOUR THING - DO YOUR THING - DO YOUR THING - DO YOCookies We use cookies to ensure you get the best experience on our website. If you continue to use this [&hellip;]\" \/>\n<meta property=\"og:url\" content=\"https:\/\/www.do-your-thing.com\/en\/politique-de-confidentialite\/\" \/>\n<meta property=\"og:site_name\" content=\"DO YOUR THING\" \/>\n<meta property=\"article:modified_time\" content=\"2026-02-24T14:05:52+00:00\" \/>\n<meta name=\"twitter:card\" content=\"summary_large_image\" \/>\n<meta name=\"twitter:label1\" content=\"Est. reading time\" \/>\n\t<meta name=\"twitter:data1\" content=\"6 minutes\" \/>\n<script type=\"application\/ld+json\" class=\"yoast-schema-graph\">{\"@context\":\"https:\\\/\\\/schema.org\",\"@graph\":[{\"@type\":\"WebPage\",\"@id\":\"https:\\\/\\\/www.do-your-thing.com\\\/en\\\/politique-de-confidentialite\\\/\",\"url\":\"https:\\\/\\\/www.do-your-thing.com\\\/en\\\/politique-de-confidentialite\\\/\",\"name\":\"Politique de confidentialit\u00e9 - DO YOUR THING\",\"isPartOf\":{\"@id\":\"https:\\\/\\\/www.do-your-thing.com\\\/en\\\/#website\"},\"datePublished\":\"2025-04-11T12:48:17+00:00\",\"dateModified\":\"2026-02-24T14:05:52+00:00\",\"breadcrumb\":{\"@id\":\"https:\\\/\\\/www.do-your-thing.com\\\/en\\\/politique-de-confidentialite\\\/#breadcrumb\"},\"inLanguage\":\"en-US\",\"potentialAction\":[{\"@type\":\"ReadAction\",\"target\":[\"https:\\\/\\\/www.do-your-thing.com\\\/en\\\/politique-de-confidentialite\\\/\"]}]},{\"@type\":\"BreadcrumbList\",\"@id\":\"https:\\\/\\\/www.do-your-thing.com\\\/en\\\/politique-de-confidentialite\\\/#breadcrumb\",\"itemListElement\":[{\"@type\":\"ListItem\",\"position\":1,\"name\":\"Accueil\",\"item\":\"https:\\\/\\\/www.do-your-thing.com\\\/en\\\/\"},{\"@type\":\"ListItem\",\"position\":2,\"name\":\"Politique de confidentialit\u00e9\"}]},{\"@type\":\"WebSite\",\"@id\":\"https:\\\/\\\/www.do-your-thing.com\\\/en\\\/#website\",\"url\":\"https:\\\/\\\/www.do-your-thing.com\\\/en\\\/\",\"name\":\"DO YOUR THING\",\"description\":\"\",\"potentialAction\":[{\"@type\":\"SearchAction\",\"target\":{\"@type\":\"EntryPoint\",\"urlTemplate\":\"https:\\\/\\\/www.do-your-thing.com\\\/en\\\/?s={search_term_string}\"},\"query-input\":{\"@type\":\"PropertyValueSpecification\",\"valueRequired\":true,\"valueName\":\"search_term_string\"}}],\"inLanguage\":\"en-US\"}]}<\/script>\n<!-- \/ Yoast SEO plugin. -->","yoast_head_json":{"title":"Politique de confidentialit\u00e9 - DO YOUR THING","robots":{"index":"noindex","follow":"nofollow"},"og_locale":"en_US","og_type":"article","og_title":"Politique de confidentialit\u00e9 - DO YOUR THING","og_description":"Privacy Policy DO YOUR THING - DO YOUR THING - DO YOUR THING - DO YOUR THING - DO YOUR THING - DO YOUR THING - DO YOUR THING - DO YOUR THING - DO YOCookies We use cookies to ensure you get the best experience on our website. If you continue to use this [&hellip;]","og_url":"https:\/\/www.do-your-thing.com\/en\/politique-de-confidentialite\/","og_site_name":"DO YOUR THING","article_modified_time":"2026-02-24T14:05:52+00:00","twitter_card":"summary_large_image","twitter_misc":{"Est. reading time":"6 minutes"},"schema":{"@context":"https:\/\/schema.org","@graph":[{"@type":"WebPage","@id":"https:\/\/www.do-your-thing.com\/en\/politique-de-confidentialite\/","url":"https:\/\/www.do-your-thing.com\/en\/politique-de-confidentialite\/","name":"Politique de confidentialit\u00e9 - DO YOUR THING","isPartOf":{"@id":"https:\/\/www.do-your-thing.com\/en\/#website"},"datePublished":"2025-04-11T12:48:17+00:00","dateModified":"2026-02-24T14:05:52+00:00","breadcrumb":{"@id":"https:\/\/www.do-your-thing.com\/en\/politique-de-confidentialite\/#breadcrumb"},"inLanguage":"en-US","potentialAction":[{"@type":"ReadAction","target":["https:\/\/www.do-your-thing.com\/en\/politique-de-confidentialite\/"]}]},{"@type":"BreadcrumbList","@id":"https:\/\/www.do-your-thing.com\/en\/politique-de-confidentialite\/#breadcrumb","itemListElement":[{"@type":"ListItem","position":1,"name":"Accueil","item":"https:\/\/www.do-your-thing.com\/en\/"},{"@type":"ListItem","position":2,"name":"Politique de confidentialit\u00e9"}]},{"@type":"WebSite","@id":"https:\/\/www.do-your-thing.com\/en\/#website","url":"https:\/\/www.do-your-thing.com\/en\/","name":"DO YOUR THING","description":"","potentialAction":[{"@type":"SearchAction","target":{"@type":"EntryPoint","urlTemplate":"https:\/\/www.do-your-thing.com\/en\/?s={search_term_string}"},"query-input":{"@type":"PropertyValueSpecification","valueRequired":true,"valueName":"search_term_string"}}],"inLanguage":"en-US"}]}},"_links":{"self":[{"href":"https:\/\/www.do-your-thing.com\/en\/wp-json\/wp\/v2\/pages\/606","targetHints":{"allow":["GET"]}}],"collection":[{"href":"https:\/\/www.do-your-thing.com\/en\/wp-json\/wp\/v2\/pages"}],"about":[{"href":"https:\/\/www.do-your-thing.com\/en\/wp-json\/wp\/v2\/types\/page"}],"author":[{"embeddable":true,"href":"https:\/\/www.do-your-thing.com\/en\/wp-json\/wp\/v2\/users\/1"}],"replies":[{"embeddable":true,"href":"https:\/\/www.do-your-thing.com\/en\/wp-json\/wp\/v2\/comments?post=606"}],"version-history":[{"count":3,"href":"https:\/\/www.do-your-thing.com\/en\/wp-json\/wp\/v2\/pages\/606\/revisions"}],"predecessor-version":[{"id":896,"href":"https:\/\/www.do-your-thing.com\/en\/wp-json\/wp\/v2\/pages\/606\/revisions\/896"}],"wp:attachment":[{"href":"https:\/\/www.do-your-thing.com\/en\/wp-json\/wp\/v2\/media?parent=606"}],"curies":[{"name":"wp","href":"https:\/\/api.w.org\/{rel}","templated":true}]}}