{"id":607,"date":"2025-03-26T12:06:59","date_gmt":"2025-03-26T12:06:59","guid":{"rendered":"https:\/\/doyourthing.serverweb-prod.com\/contact\/"},"modified":"2026-03-02T12:43:39","modified_gmt":"2026-03-02T12:43:39","slug":"contact","status":"publish","type":"page","link":"https:\/\/www.do-your-thing.com\/nl\/contact\/","title":{"rendered":"Contact"},"content":{"rendered":"<p>[et_pb_section fb_built=&#8221;1&#8243; _builder_version=&#8221;4.24.0&#8243; _module_preset=&#8221;default&#8221; background_color=&#8221;#3a3a3a&#8221; background_image=&#8221;https:\/\/do-your-thing.com\/wp-content\/uploads\/2025\/04\/Aucun-inconvenient-que-des-as-bg.png&#8221; global_colors_info=&#8221;{}&#8221;][et_pb_row _builder_version=&#8221;4.24.0&#8243; _module_preset=&#8221;default&#8221; custom_padding=&#8221;0px||0px|||&#8221; global_colors_info=&#8221;{}&#8221;][et_pb_column type=&#8221;4_4&#8243; _builder_version=&#8221;4.24.0&#8243; _module_preset=&#8221;default&#8221; global_colors_info=&#8221;{}&#8221;][et_pb_text _builder_version=&#8221;4.24.0&#8243; _module_preset=&#8221;default&#8221; text_font=&#8221;DM Sans|700||on|||||&#8221; text_text_color=&#8221;#FFFFFF&#8221; text_font_size=&#8221;50px&#8221; text_orientation=&#8221;center&#8221; text_font_size_tablet=&#8221;50px&#8221; text_font_size_phone=&#8221;37px&#8221; text_font_size_last_edited=&#8221;on|phone&#8221; global_colors_info=&#8221;{}&#8221;]<\/p>\n<p>Contact<\/p>\n<p>[\/et_pb_text][\/et_pb_column][\/et_pb_row][\/et_pb_section][et_pb_section fb_built=&#8221;1&#8243; _builder_version=&#8221;4.24.0&#8243; _module_preset=&#8221;default&#8221; background_color=&#8221;#0a0a0a&#8221; custom_padding=&#8221;10px||10px||false|false&#8221; global_colors_info=&#8221;{}&#8221;][et_pb_row module_class=&#8221;news-banner&#8221; _builder_version=&#8221;4.24.0&#8243; _module_preset=&#8221;default&#8221; width=&#8221;100%&#8221; max_width=&#8221;2560px&#8221; custom_padding=&#8221;28px||14px||false|&#8221; global_colors_info=&#8221;{}&#8221;][et_pb_column type=&#8221;4_4&#8243; _builder_version=&#8221;4.24.0&#8243; _module_preset=&#8221;default&#8221; global_colors_info=&#8221;{}&#8221;][et_pb_text module_class=&#8221;clsband news-text&#8221; _builder_version=&#8221;4.24.0&#8243; _module_preset=&#8221;default&#8221; text_font=&#8221;Inter|300|||||||&#8221; text_text_color=&#8221;#FFFFFF&#8221; text_font_size=&#8221;18px&#8221; text_letter_spacing=&#8221;4px&#8221; custom_margin=&#8221;||12px||false|false&#8221; custom_padding=&#8221;||0px||false|false&#8221; scroll_horizontal_motion=&#8221;0|3|3|71|4|0|-4&#8243; motion_trigger_start=&#8221;top&#8221; global_colors_info=&#8221;{}&#8221;]<\/p>\n<p>DO YOUR THING &#8211; DO YOUR THING &#8211; DO YOUR THING &#8211; DO YOUR THING &#8211; DO YOUR THING &#8211; DO YOUR THING &#8211; DO YOUR THING &#8211; DO YOUR THING &#8211; DO YOU<\/p>\n<p>[\/et_pb_text][\/et_pb_column][\/et_pb_row][\/et_pb_section][et_pb_section fb_built=&#8221;1&#8243; _builder_version=&#8221;4.24.0&#8243; _module_preset=&#8221;default&#8221; background_color=&#8221;#f5efe6&#8243; global_colors_info=&#8221;{}&#8221;][et_pb_row custom_padding_last_edited=&#8221;on|phone&#8221; _builder_version=&#8221;4.24.0&#8243; _module_preset=&#8221;default&#8221; width_tablet=&#8221;90%&#8221; width_phone=&#8221;90%&#8221; width_last_edited=&#8221;on|tablet&#8221; custom_padding_tablet=&#8221;&#8221; custom_padding_phone=&#8221;0px||0px||false|false&#8221; global_colors_info=&#8221;{}&#8221;][et_pb_column type=&#8221;4_4&#8243; _builder_version=&#8221;4.24.0&#8243; _module_preset=&#8221;default&#8221; global_colors_info=&#8221;{}&#8221;][et_pb_text content_tablet=&#8221;<\/p>\n<p>DO YOUR THING<\/p>\n<p>&#8221; content_phone=&#8221;<\/p>\n<p style=%22text-align: center;%22>DO YOUR THING<\/p>\n<p>&#8221; content_last_edited=&#8221;on|phone&#8221; _builder_version=&#8221;4.24.0&#8243; _module_preset=&#8221;default&#8221; text_font=&#8221;Inter|300|||||||&#8221; text_text_color=&#8221;#444444&#8243; text_font_size=&#8221;26px&#8221; text_letter_spacing=&#8221;6px&#8221; custom_margin=&#8221;||12px||false|false&#8221; custom_padding=&#8221;||0px||false|false&#8221; text_font_size_tablet=&#8221;26px&#8221; text_font_size_phone=&#8221;19px&#8221; text_font_size_last_edited=&#8221;on|phone&#8221; text_letter_spacing_tablet=&#8221;6px&#8221; text_letter_spacing_phone=&#8221;4px&#8221; text_letter_spacing_last_edited=&#8221;on|phone&#8221; global_colors_info=&#8221;{}&#8221;]<\/p>\n<p>DO YOUR THING<\/p>\n<p>[\/et_pb_text][et_pb_text content_tablet=&#8221;<\/p>\n<h1>Ta r\u00e9ussite commence ici : inscription Do Your Thing<\/h1>\n<p>&#8221; content_phone=&#8221;<\/p>\n<h1 style=%22text-align: center;%22>Ta r\u00e9ussite commence ici : inscription Do Your Thing<\/h1>\n<p>&#8221; content_last_edited=&#8221;on|phone&#8221; _builder_version=&#8221;4.24.0&#8243; _module_preset=&#8221;default&#8221; header_font=&#8221;DM Sans|700||on|||||&#8221; header_text_color=&#8221;#111111&#8243; header_font_size=&#8221;51px&#8221; header_line_height=&#8221;1.1em&#8221; custom_margin=&#8221;||16px|||&#8221; header_font_size_tablet=&#8221;51px&#8221; header_font_size_phone=&#8221;35px&#8221; header_font_size_last_edited=&#8221;on|phone&#8221; global_colors_info=&#8221;{}&#8221;]<\/p>\n<h1>Je succes begint hier: inschrijven bij Do Your Thing<\/h1>\n<p>[\/et_pb_text][et_pb_text content_tablet=&#8221;<\/p>\n<p>Tu es un cr\u00e9ateur de contenus \u00e0 la recherche d\u2019une communaut\u00e9 bienveillante ? Tu diriges un restaurant et souhaiterais voir grimper le nombre de r\u00e9servations ? Tu es un artisan \u00e0 la recherche d\u2019une client\u00e8le fid\u00e8le ? Inscris-toi \u00e0 Do Your Thing, notre plateforme interactive qui permet d\u2019am\u00e9liorer la visibilit\u00e9 des professionnels d\u00e9sireux de booster leur activit\u00e9.<\/p>\n<p>&#8221; content_phone=&#8221;<\/p>\n<p style=%22text-align: center;%22>Tu es un cr\u00e9ateur de contenus \u00e0 la recherche d\u2019une communaut\u00e9 bienveillante ? Tu diriges un restaurant et souhaiterais voir grimper le nombre de r\u00e9servations ? Tu es un artisan \u00e0 la recherche d\u2019une client\u00e8le fid\u00e8le ? Inscris-toi \u00e0 Do Your Thing, notre plateforme interactive qui permet d\u2019am\u00e9liorer la visibilit\u00e9 des professionnels d\u00e9sireux de booster leur activit\u00e9.<\/p>\n<p>&#8221; content_last_edited=&#8221;on|phone&#8221; _builder_version=&#8221;4.24.0&#8243; _module_preset=&#8221;default&#8221; text_font=&#8221;Inter|300|||||||&#8221; text_text_color=&#8221;#444444&#8243; text_font_size=&#8221;16px&#8221; text_line_height=&#8221;1.8em&#8221; global_colors_info=&#8221;{}&#8221;]<\/p>\n<p>Ben je een content creator op zoek naar een warme community? Heb je een restaurant en wil je meer reservaties? Ben je een ambachtsman op zoek naar trouwe klanten?<\/p>\n<p>&nbsp;<\/p>\n<p>[\/et_pb_text][\/et_pb_column][\/et_pb_row][et_pb_row column_structure=&#8221;1_2,1_2&#8243; _builder_version=&#8221;4.24.0&#8243; _module_preset=&#8221;default&#8221; width_tablet=&#8221;90%&#8221; width_phone=&#8221;90%&#8221; width_last_edited=&#8221;on|tablet&#8221; global_colors_info=&#8221;{}&#8221;][et_pb_column type=&#8221;1_2&#8243; _builder_version=&#8221;4.24.0&#8243; _module_preset=&#8221;default&#8221; global_colors_info=&#8221;{}&#8221;][et_pb_text module_class=&#8221;clsIfram&#8221; _builder_version=&#8221;4.24.0&#8243; _module_preset=&#8221;default&#8221; min_height=&#8221;729.8px&#8221; custom_padding=&#8221;0px|||||&#8221; global_colors_info=&#8221;{}&#8221;]<\/p>\n<p><iframe src=\"https:\/\/mywebforce.webforce.be\/form\/1097\" id=\"iframeForm\" style=\"width: 100%; height: 1200px;\" frameborder=\"0\"><\/iframe><\/p>\n<p>[\/et_pb_text][\/et_pb_column][et_pb_column type=&#8221;1_2&#8243; _builder_version=&#8221;4.24.0&#8243; _module_preset=&#8221;default&#8221; global_colors_info=&#8221;{}&#8221;][et_pb_text content_tablet=&#8221;<\/p>\n<h2>Nous contacter<\/h2>\n<p>&#8221; content_phone=&#8221;<\/p>\n<h2 style=%22text-align: center;%22>Nous contacter<\/h2>\n<p>&#8221; content_last_edited=&#8221;on|phone&#8221; _builder_version=&#8221;4.24.0&#8243; _module_preset=&#8221;default&#8221; header_2_font=&#8221;DM Sans|700||on|||||&#8221; header_2_text_color=&#8221;#111111&#8243; header_2_font_size=&#8221;51px&#8221; header_2_line_height=&#8221;1.1em&#8221; header_3_font=&#8221;DM Sans|700||on|||||&#8221; header_3_font_size=&#8221;28px&#8221; custom_margin=&#8221;6px||20px|||&#8221; global_colors_info=&#8221;{}&#8221;]<\/p>\n<h3>Contacteer ons<\/h3>\n<p>[\/et_pb_text][et_pb_text content_tablet=&#8221;<\/p>\n<p>Tu as des questions concernant notre accompagnement ? N\u2019attends plus pour prendre contact. Nos professionnels sont disponibles pour r\u00e9pondre \u00e0 tes pr\u00e9occupations.<\/p>\n<p>&#8221; content_phone=&#8221;<\/p>\n<p style=%22text-align: center;%22>Tu as des questions concernant notre accompagnement ? N\u2019attends plus pour prendre contact. Nos professionnels sont disponibles pour r\u00e9pondre \u00e0 tes pr\u00e9occupations.<\/p>\n<p>&#8221; content_last_edited=&#8221;on|phone&#8221; _builder_version=&#8221;4.24.0&#8243; _module_preset=&#8221;default&#8221; text_font=&#8221;Inter|300|||||||&#8221; text_text_color=&#8221;#444444&#8243; text_font_size=&#8221;16px&#8221; text_line_height=&#8221;1.8em&#8221; global_colors_info=&#8221;{}&#8221;]<\/p>\n<p>Schrijf je in bij <strong>Do Your Thing<\/strong>, het interactieve platform dat de zichtbaarheid van professionals verhoogt en hun activiteit stimuleert.<\/p>\n<p>[\/et_pb_text][et_pb_blurb use_icon=&#8221;on&#8221; font_icon=&#8221;&#xf095;||fa||900&#8243; icon_color=&#8221;#000000&#8243; image_icon_width=&#8221;69px&#8221; _builder_version=&#8221;4.24.0&#8243; _module_preset=&#8221;default&#8221; body_font=&#8221;Inter|300|||||||&#8221; body_text_color=&#8221;#444444&#8243; body_font_size=&#8221;16px&#8221; body_line_height=&#8221;1.8em&#8221; body_link_text_color=&#8221;#444444&#8243; background_color=&#8221;#d4baa3&#8243; custom_padding=&#8221;55px||55px||true|false&#8221; box_shadow_style=&#8221;preset1&#8243; box_shadow_vertical=&#8221;0px&#8221; box_shadow_blur=&#8221;26px&#8221; global_colors_info=&#8221;{}&#8221; transform_styles__hover_enabled=&#8221;on|hover&#8221; transform_scale__hover=&#8221;105%|105%&#8221; transform_scale__hover_enabled=&#8221;on|hover&#8221; transform_translate__hover_enabled=&#8221;on|desktop&#8221; transform_rotate__hover_enabled=&#8221;on|desktop&#8221; transform_skew__hover_enabled=&#8221;on|desktop&#8221; transform_origin__hover_enabled=&#8221;on|desktop&#8221;]<\/p>\n<p style=\"text-align: center;\"><a href=\"tel:02\/880 59 33\">02\/880 59 33<\/a><\/p>\n<p>[\/et_pb_blurb][et_pb_blurb use_icon=&#8221;on&#8221; font_icon=&#8221;&#xf0e0;||fa||900&#8243; icon_color=&#8221;#000000&#8243; image_icon_width=&#8221;69px&#8221; _builder_version=&#8221;4.24.0&#8243; _module_preset=&#8221;default&#8221; body_font=&#8221;Inter|300|||||||&#8221; body_text_color=&#8221;#444444&#8243; body_font_size=&#8221;16px&#8221; body_line_height=&#8221;1.8em&#8221; body_link_text_color=&#8221;#444444&#8243; background_color=&#8221;#d4baa3&#8243; custom_padding=&#8221;55px||55px||true|false&#8221; box_shadow_style=&#8221;preset1&#8243; box_shadow_vertical=&#8221;0px&#8221; box_shadow_blur=&#8221;26px&#8221; global_colors_info=&#8221;{}&#8221; transform_styles__hover_enabled=&#8221;on|hover&#8221; transform_scale__hover=&#8221;105%|105%&#8221; transform_scale__hover_enabled=&#8221;on|hover&#8221; transform_translate__hover_enabled=&#8221;on|desktop&#8221; transform_rotate__hover_enabled=&#8221;on|desktop&#8221; transform_skew__hover_enabled=&#8221;on|desktop&#8221; transform_origin__hover_enabled=&#8221;on|desktop&#8221;]<\/p>\n<p style=\"text-align: center;\"><a href=\"mailto:info@do-your-thing.com\">info@do-your-thing.com<\/a><\/p>\n<p>[\/et_pb_blurb][\/et_pb_column][\/et_pb_row][\/et_pb_section][et_pb_section fb_built=&#8221;1&#8243; _builder_version=&#8221;4.24.0&#8243; _module_preset=&#8221;default&#8221; background_color=&#8221;#0a0a0a&#8221; custom_padding=&#8221;10px||10px||false|false&#8221; global_colors_info=&#8221;{}&#8221;][et_pb_row module_class=&#8221;news-banner&#8221; _builder_version=&#8221;4.24.0&#8243; _module_preset=&#8221;default&#8221; width=&#8221;100%&#8221; max_width=&#8221;2560px&#8221; custom_padding=&#8221;28px||14px||false|&#8221; global_colors_info=&#8221;{}&#8221;][et_pb_column type=&#8221;4_4&#8243; _builder_version=&#8221;4.24.0&#8243; _module_preset=&#8221;default&#8221; global_colors_info=&#8221;{}&#8221;][et_pb_text module_class=&#8221;clsband news-text&#8221; _builder_version=&#8221;4.24.0&#8243; _module_preset=&#8221;default&#8221; text_font=&#8221;Inter|300|||||||&#8221; text_text_color=&#8221;#FFFFFF&#8221; text_font_size=&#8221;18px&#8221; text_letter_spacing=&#8221;4px&#8221; custom_margin=&#8221;||12px||false|false&#8221; custom_padding=&#8221;||0px||false|false&#8221; scroll_horizontal_motion=&#8221;0|3|3|71|4|0|-4&#8243; motion_trigger_start=&#8221;top&#8221; global_colors_info=&#8221;{}&#8221;]<\/p>\n<p>DO YOUR THING &#8211; DO YOUR THING &#8211; DO YOUR THING &#8211; DO YOUR THING &#8211; DO YOUR THING &#8211; DO YOUR THING &#8211; DO YOUR THING &#8211; DO YOUR THING &#8211; DO YOU<\/p>\n<p>[\/et_pb_text][\/et_pb_column][\/et_pb_row][\/et_pb_section][et_pb_section fb_built=&#8221;1&#8243; disabled_on=&#8221;on|on|on&#8221; _builder_version=&#8221;4.24.0&#8243; _module_preset=&#8221;default&#8221; disabled=&#8221;on&#8221; global_colors_info=&#8221;{}&#8221;][et_pb_row _builder_version=&#8221;4.24.0&#8243; _module_preset=&#8221;default&#8221; global_colors_info=&#8221;{}&#8221;][et_pb_column type=&#8221;4_4&#8243; _builder_version=&#8221;4.24.0&#8243; _module_preset=&#8221;default&#8221; global_colors_info=&#8221;{}&#8221;][et_pb_text _builder_version=&#8221;4.24.0&#8243; _module_preset=&#8221;default&#8221; global_colors_info=&#8221;{}&#8221;]N\u2019attends plus pour contacter Do Your Thing, la plateforme num\u00e9rique qui am\u00e9liore ta visibilit\u00e9 en ligne. Nos professionnels te proposent, pour seulement 5,99\u20ac par mois, de b\u00e9n\u00e9ficier d\u2019une vitrine en ligne ainsi que d\u2019une carte de visite num\u00e9rique. Une solution parfaite pour optimiser ta pr\u00e9sence en ligne et am\u00e9liorer ton chiffre d\u2019affaires. [\/et_pb_text][\/et_pb_column][\/et_pb_row][\/et_pb_section]<\/p>\n","protected":false},"excerpt":{"rendered":"<p>ContactDO YOUR THING &#8211; DO YOUR THING &#8211; DO YOUR THING &#8211; DO YOUR THING &#8211; DO YOUR THING &#8211; DO YOUR THING &#8211; DO YOUR THING &#8211; DO YOUR THING &#8211; DO YOUDO YOUR THINGJe succes begint hier: inschrijven bij Do Your ThingBen je een content creator op zoek naar een warme community? Heb [&hellip;]<\/p>\n","protected":false},"author":1,"featured_media":0,"parent":0,"menu_order":0,"comment_status":"closed","ping_status":"closed","template":"","meta":{"_et_pb_use_builder":"on","_et_pb_old_content":"<!-- wp:divi\/placeholder \/-->","_et_gb_content_width":"","footnotes":""},"class_list":["post-607","page","type-page","status-publish","hentry"],"yoast_head":"<!-- This site is optimized with the Yoast SEO plugin v27.3 - https:\/\/yoast.com\/product\/yoast-seo-wordpress\/ -->\n<title>Contacteer Do Your Thing \u2013 Meer Informatie &amp; Ondersteuning<\/title>\n<meta name=\"description\" content=\"Heb je vragen over Do Your Thing? Neem contact met ons op en ontdek hoe wij je kunnen helpen om je online zichtbaarheid te vergroten.\" \/>\n<meta name=\"robots\" content=\"index, follow, max-snippet:-1, max-image-preview:large, max-video-preview:-1\" \/>\n<link rel=\"canonical\" href=\"https:\/\/www.do-your-thing.com\/nl\/contact\/\" \/>\n<meta property=\"og:locale\" content=\"nl_NL\" \/>\n<meta property=\"og:type\" content=\"article\" \/>\n<meta property=\"og:title\" content=\"Contacteer Do Your Thing \u2013 Meer Informatie &amp; Ondersteuning\" \/>\n<meta property=\"og:description\" content=\"Heb je vragen over Do Your Thing? Neem contact met ons op en ontdek hoe wij je kunnen helpen om je online zichtbaarheid te vergroten.\" \/>\n<meta property=\"og:url\" content=\"https:\/\/www.do-your-thing.com\/nl\/contact\/\" \/>\n<meta property=\"og:site_name\" content=\"DO YOUR THING\" \/>\n<meta property=\"article:modified_time\" content=\"2026-03-02T12:43:39+00:00\" \/>\n<meta name=\"twitter:card\" content=\"summary_large_image\" \/>\n<meta name=\"twitter:label1\" content=\"Geschatte leestijd\" \/>\n\t<meta name=\"twitter:data1\" content=\"2 minuten\" \/>\n<script type=\"application\/ld+json\" class=\"yoast-schema-graph\">{\"@context\":\"https:\\\/\\\/schema.org\",\"@graph\":[{\"@type\":\"WebPage\",\"@id\":\"https:\\\/\\\/www.do-your-thing.com\\\/nl\\\/contact\\\/\",\"url\":\"https:\\\/\\\/www.do-your-thing.com\\\/nl\\\/contact\\\/\",\"name\":\"Contacteer Do Your Thing \u2013 Meer Informatie & Ondersteuning\",\"isPartOf\":{\"@id\":\"https:\\\/\\\/www.do-your-thing.com\\\/nl\\\/#website\"},\"datePublished\":\"2025-03-26T12:06:59+00:00\",\"dateModified\":\"2026-03-02T12:43:39+00:00\",\"description\":\"Heb je vragen over Do Your Thing? Neem contact met ons op en ontdek hoe wij je kunnen helpen om je online zichtbaarheid te vergroten.\",\"breadcrumb\":{\"@id\":\"https:\\\/\\\/www.do-your-thing.com\\\/nl\\\/contact\\\/#breadcrumb\"},\"inLanguage\":\"nl-NL\",\"potentialAction\":[{\"@type\":\"ReadAction\",\"target\":[\"https:\\\/\\\/www.do-your-thing.com\\\/nl\\\/contact\\\/\"]}]},{\"@type\":\"BreadcrumbList\",\"@id\":\"https:\\\/\\\/www.do-your-thing.com\\\/nl\\\/contact\\\/#breadcrumb\",\"itemListElement\":[{\"@type\":\"ListItem\",\"position\":1,\"name\":\"Accueil\",\"item\":\"https:\\\/\\\/www.do-your-thing.com\\\/nl\\\/\"},{\"@type\":\"ListItem\",\"position\":2,\"name\":\"Contact\"}]},{\"@type\":\"WebSite\",\"@id\":\"https:\\\/\\\/www.do-your-thing.com\\\/nl\\\/#website\",\"url\":\"https:\\\/\\\/www.do-your-thing.com\\\/nl\\\/\",\"name\":\"DO YOUR THING\",\"description\":\"\",\"potentialAction\":[{\"@type\":\"SearchAction\",\"target\":{\"@type\":\"EntryPoint\",\"urlTemplate\":\"https:\\\/\\\/www.do-your-thing.com\\\/nl\\\/?s={search_term_string}\"},\"query-input\":{\"@type\":\"PropertyValueSpecification\",\"valueRequired\":true,\"valueName\":\"search_term_string\"}}],\"inLanguage\":\"nl-NL\"}]}<\/script>\n<!-- \/ Yoast SEO plugin. -->","yoast_head_json":{"title":"Contacteer Do Your Thing \u2013 Meer Informatie & Ondersteuning","description":"Heb je vragen over Do Your Thing? Neem contact met ons op en ontdek hoe wij je kunnen helpen om je online zichtbaarheid te vergroten.","robots":{"index":"index","follow":"follow","max-snippet":"max-snippet:-1","max-image-preview":"max-image-preview:large","max-video-preview":"max-video-preview:-1"},"canonical":"https:\/\/www.do-your-thing.com\/nl\/contact\/","og_locale":"nl_NL","og_type":"article","og_title":"Contacteer Do Your Thing \u2013 Meer Informatie & Ondersteuning","og_description":"Heb je vragen over Do Your Thing? Neem contact met ons op en ontdek hoe wij je kunnen helpen om je online zichtbaarheid te vergroten.","og_url":"https:\/\/www.do-your-thing.com\/nl\/contact\/","og_site_name":"DO YOUR THING","article_modified_time":"2026-03-02T12:43:39+00:00","twitter_card":"summary_large_image","twitter_misc":{"Geschatte leestijd":"2 minuten"},"schema":{"@context":"https:\/\/schema.org","@graph":[{"@type":"WebPage","@id":"https:\/\/www.do-your-thing.com\/nl\/contact\/","url":"https:\/\/www.do-your-thing.com\/nl\/contact\/","name":"Contacteer Do Your Thing \u2013 Meer Informatie & Ondersteuning","isPartOf":{"@id":"https:\/\/www.do-your-thing.com\/nl\/#website"},"datePublished":"2025-03-26T12:06:59+00:00","dateModified":"2026-03-02T12:43:39+00:00","description":"Heb je vragen over Do Your Thing? Neem contact met ons op en ontdek hoe wij je kunnen helpen om je online zichtbaarheid te vergroten.","breadcrumb":{"@id":"https:\/\/www.do-your-thing.com\/nl\/contact\/#breadcrumb"},"inLanguage":"nl-NL","potentialAction":[{"@type":"ReadAction","target":["https:\/\/www.do-your-thing.com\/nl\/contact\/"]}]},{"@type":"BreadcrumbList","@id":"https:\/\/www.do-your-thing.com\/nl\/contact\/#breadcrumb","itemListElement":[{"@type":"ListItem","position":1,"name":"Accueil","item":"https:\/\/www.do-your-thing.com\/nl\/"},{"@type":"ListItem","position":2,"name":"Contact"}]},{"@type":"WebSite","@id":"https:\/\/www.do-your-thing.com\/nl\/#website","url":"https:\/\/www.do-your-thing.com\/nl\/","name":"DO YOUR THING","description":"","potentialAction":[{"@type":"SearchAction","target":{"@type":"EntryPoint","urlTemplate":"https:\/\/www.do-your-thing.com\/nl\/?s={search_term_string}"},"query-input":{"@type":"PropertyValueSpecification","valueRequired":true,"valueName":"search_term_string"}}],"inLanguage":"nl-NL"}]}},"_links":{"self":[{"href":"https:\/\/www.do-your-thing.com\/nl\/wp-json\/wp\/v2\/pages\/607","targetHints":{"allow":["GET"]}}],"collection":[{"href":"https:\/\/www.do-your-thing.com\/nl\/wp-json\/wp\/v2\/pages"}],"about":[{"href":"https:\/\/www.do-your-thing.com\/nl\/wp-json\/wp\/v2\/types\/page"}],"author":[{"embeddable":true,"href":"https:\/\/www.do-your-thing.com\/nl\/wp-json\/wp\/v2\/users\/1"}],"replies":[{"embeddable":true,"href":"https:\/\/www.do-your-thing.com\/nl\/wp-json\/wp\/v2\/comments?post=607"}],"version-history":[{"count":4,"href":"https:\/\/www.do-your-thing.com\/nl\/wp-json\/wp\/v2\/pages\/607\/revisions"}],"predecessor-version":[{"id":908,"href":"https:\/\/www.do-your-thing.com\/nl\/wp-json\/wp\/v2\/pages\/607\/revisions\/908"}],"wp:attachment":[{"href":"https:\/\/www.do-your-thing.com\/nl\/wp-json\/wp\/v2\/media?parent=607"}],"curies":[{"name":"wp","href":"https:\/\/api.w.org\/{rel}","templated":true}]}}